{"id":55,"date":"2021-11-01T10:10:45","date_gmt":"2021-11-01T10:10:45","guid":{"rendered":"http:\/\/schieberseil.de\/?page_id=55"},"modified":"2021-11-01T10:10:46","modified_gmt":"2021-11-01T10:10:46","slug":"seilklemmen","status":"publish","type":"page","link":"https:\/\/schieberseil.de\/?page_id=55","title":{"rendered":"Seilklemmen"},"content":{"rendered":"\r\n<div class=\"row\">\r\n          \r\n    <div class=\"col-md-12 col-sm-12\">\r\n        <div class=\"wpsg_productview\" id=\"wpsg_productview_1\">\r\n\t\r\n\t<input type=\"hidden\" name=\"wpsg_atts\" value=\"{&quot;key&quot;:&quot;productindex_55&quot;,&quot;product_ids&quot;:&quot;5,6&quot;,&quot;hideorder&quot;:&quot;1&quot;,&quot;hideviewselect&quot;:&quot;0&quot;,&quot;mode&quot;:&quot;list&quot;,&quot;title&quot;:&quot;Seilklemmen&quot;,&quot;order&quot;:&quot;price_desc&quot;}\" \/>\r\n\t\r\n\t<div class=\"wpsg_productview_head row\">\r\n\t\r\n\t\t\t\t<h2 class=\"wpsg_productview_title col-lg-3 col-md-3 col-sm-3\">Seilklemmen<\/h2>\r\n\t\t\t\t\r\n\t\t\t\t\t\t\t \r\n\t\t\t\t\r\n\t\t<div class=\"wpsg_mod_productview-info col-lg-6 col-md-6 col-sm-6 hidden-xs\">\r\n\t\t\t<strong>Anzeige 1 - 2<\/strong>\r\n\t\t\tvon 2 Ergebnissen\t\t<\/div>\r\n\t\t\r\n\t\t\t\t<div class=\"wpsg_mod_productview_modeswitch hidden-xs\">\r\n\t\t\t<a href=\"#\" title=\"Schaltet die Produktansicht auf die Grid Ansicht um.\" class=\"fa fa-th \"><\/a>\r\n\t\t\t<a href=\"#\" title=\"Schaltet die Produktansicht auf die List Ansicht um.\" class=\"fa fa-list active\"><\/a>\r\n\t\t<\/div>\r\n\t\t\r\n\t<\/div>\r\n\t\r\n\t<div class=\"wpsg_productview_content col-2-xs-row row\">\r\n\t\r\n\t\t\t\t\r\n\t\t\t\r\n\t\t\t<div style=\"\" class=\"wpsg_productview_product wpsg_productview_product_list wpsg_productview_product_6 col-md-12\">\r\n\r\n\t\t\t\t<div class=\"row\">\r\n\t\t\t\t\t\r\n\t\t\t\t\t\t\t\t\t\t\t\t\t\t\t\t\r\n\t\t\t\t\t\t\t\t\t\t<div class=\"col-md-4 col-sm-4\">\r\n\t\t\t\t\t\t<div class=\"wpsg_mod_productview_image\" style=\"background-image:url('');\"><\/div>\r\n\t\t\t\t\t\t\r\n\t\t\t\t\t\t<div class=\"box_img_wrap\">\r\n\t\t\t\t\t\t\t<img loading=\"lazy\" decoding=\"async\" width=\"490\" height=\"520\" src=\"https:\/\/schieberseil.de\/wp-content\/uploads\/2021\/11\/drahtseilklemme-Hauptbild-3-490x520.jpg\" class=\"attachment-wpsg-productview-image size-wpsg-productview-image\" alt=\"\" srcset=\"https:\/\/schieberseil.de\/wp-content\/uploads\/2021\/11\/drahtseilklemme-Hauptbild-3-490x520.jpg 490w, https:\/\/schieberseil.de\/wp-content\/uploads\/2021\/11\/drahtseilklemme-Hauptbild-3-283x300.jpg 283w, https:\/\/schieberseil.de\/wp-content\/uploads\/2021\/11\/drahtseilklemme-Hauptbild-3-302x320.jpg 302w, https:\/\/schieberseil.de\/wp-content\/uploads\/2021\/11\/drahtseilklemme-Hauptbild-3-104x110.jpg 104w, https:\/\/schieberseil.de\/wp-content\/uploads\/2021\/11\/drahtseilklemme-Hauptbild-3.jpg 492w\" sizes=\"auto, (max-width: 490px) 100vw, 490px\" \/>\t\t\t\t\t\t<\/div>\r\n\t\t\t\t\t\t\r\n\t\t\t\t\t<\/div>\r\n\t\t\t\t\t\r\n\t\t\t\t\t<div class=\"col-md-8 col-sm-8\">\r\n\r\n\t\t\t\t\t\t\t\t\t\t\t\t<div class=\"wpsg_mod_productview_name\">\r\n\t\t\t\t\t\t\t<h2>Seilklemme f\u00fcr 10 mm Drahtseil<\/h2>\r\n\t\t\t\t\t\t\t<h3>Seilklemme 10mm, ST\u00dcCKZAHL<\/h3>\r\n\r\n\t\t\t\t\t\t\t\r\n\t\t\t\t\t\t<\/div>\r\n\r\n\t\t\t\t\t\t\t\t\t\t\t\t\t<div class=\"wpsg_mod_productview_price_wrap\">\r\n\t\t\t\t\t\t\t\t\t\t\t\t\t\t\t\t\t\t\t\t\t\t\t\t\t<div class=\"wpsg_mod_productview_price\">3,70 EUR<\/div>\r\n\t\t\t\t\t\t\t\t\t\t\t\t\t\t\t<\/div>\r\n\t\r\n\t\t\t\t\t\t\t<div class=\"wpsg_mod_productview_tax_wrap\">\r\n\t\t\t\t\t\t\t\t\t\t\t\t\t\t\t\t\tinkl. 19,00 % MwSt. zzgl. <a href=\"https:\/\/schieberseil.de\/?page_id=11\">Versandkosten<\/a>\t\t\t\t\t\t\t\t\t\t\t\t\t\t\t<\/div>\r\n\t\t\t\t\t\t\r\n\t\t\t\t\t\t<div class=\"wpsg_mod_productindex_content\">\r\n\t\t\t\t\t\t\t<div class=\"row sto_product_mods\">\r\n\r\n\t\t\t\t\t\t\t\t\t\t\t\t\t\t\t\t\t\t\t\t\t\r\n                            <div class=\"clearer\"><\/div>\r\n                                \r\n\t\t\t\t\t\t\t\t\t\t\t\t\t\t\t\t\t\t\t\t\t\r\n\t\t\t\t\t\t\t<div class=\"clearer\"><\/div>\r\n\t\t\t\t\t\t\t\r\n\t\t\t\t\t\t\t\t\t\t\t\t\t\t\t\t\t\t\t\t\t\r\n\t\t\t\t\t\t\t<div class=\"clearer\"><\/div>\r\n\t\t\t\t\t\t\t\r\n\t\t\t\t\t\t\t\t\t\t\t\t\t\t\t\t\t\t\t\t\t\r\n\t\t\t\t\t\t<\/div>\r\n\t\t\t\t\t\t\r\n\t\t\t\t\t\t<div class=\"clearer\"><\/div>\r\n\t\t\t\t\t\t\t \t\t\t\r\n\t\t\t\t\t\t<\/div>\r\n\t\t\t\t\t\t\r\n\t\t\t\t\t\t\t\t\t\t\t\t<div class=\"wpsg_mod_productview_description sto-productview-description\">\r\n\t\t\t\t\t\t\t<strong>Produktbeschreibung<\/strong><br \/>\r\n\t\t\t\t\t\t\tB\u00fcgelseilklemmen dienen zur Schlaufenbildung von Drahtseilen. Sie stellen die einfache und schnelle L\u00f6sung, wenn keine Presswerkzeuge zur Hand sind, dar.\r\n<ul>\r\n \t<li>Drahtseilklemmen (Seilklemmen) in Industriequalit\u00e4t f\u00fcr 10mm Drahtseile<\/li>\r\n \t<li>Material: V4A Edelstahl, rostfrei<\/li>\r\n \t<li>Ausf\u00fchrung: \u00e4hnlich DIN 741<\/li>\r\n \t<li>Gewicht je St\u00fcck: 77 Gramm<\/li>\r\n<\/ul>\t\t\t\t\t\t<\/div>\r\n\t\t\t\t\t\t\t\r\n\t\t\t\t\t\t\t\t\r\n\t\t\t\t\t\t<br \/>\t\r\n\t\t\t\t\t\t                        \r\n\t\t\t\t\t\t\t\t\t\t\t\t<a class=\"sto_button sto_button_layout2 sto_button_productview_addBasket\" href=\"https:\/\/schieberseil.de\/?post_type=produkt&p=50\">Zum Produkt<span class=\"fa fa-angle-double-right\"><\/span><\/a>\r\n\t\t\t\t\t\t\t\t\t\t\t\t\t\t\t\t\t\r\n\t\t\t\t\t<\/div>\r\n\r\n\t\t\t\t<\/div>\r\n\r\n\t\t\t<\/div>\r\n\r\n\t\t\t<div onclick=\"location.href = 'https:\/\/schieberseil.de\/?post_type=produkt&p=50';\" style=\"display:none;\" class=\"wpsg_productview_product wpsg_productview_product_grid wpsg_productview_product_6 col-lg-3 col-lg-6 col-sm-6 col-xs-12\">\r\n\t\t\t\t\r\n\t\t\t\t\t\t\t\t\r\n\t\t\t\t\t\t\t\t<div class=\"wpsg_mod_productview_image\">\r\n\t\t\t\t \r\n\t\t\t\t\t<div class=\"box_img_wrap\">\r\n\t\t\t\t\t\t<img loading=\"lazy\" decoding=\"async\" width=\"490\" height=\"520\" src=\"https:\/\/schieberseil.de\/wp-content\/uploads\/2021\/11\/drahtseilklemme-Hauptbild-3-490x520.jpg\" class=\"attachment-wpsg-productview-image size-wpsg-productview-image\" alt=\"\" srcset=\"https:\/\/schieberseil.de\/wp-content\/uploads\/2021\/11\/drahtseilklemme-Hauptbild-3-490x520.jpg 490w, https:\/\/schieberseil.de\/wp-content\/uploads\/2021\/11\/drahtseilklemme-Hauptbild-3-283x300.jpg 283w, https:\/\/schieberseil.de\/wp-content\/uploads\/2021\/11\/drahtseilklemme-Hauptbild-3-302x320.jpg 302w, https:\/\/schieberseil.de\/wp-content\/uploads\/2021\/11\/drahtseilklemme-Hauptbild-3-104x110.jpg 104w, https:\/\/schieberseil.de\/wp-content\/uploads\/2021\/11\/drahtseilklemme-Hauptbild-3.jpg 492w\" sizes=\"auto, (max-width: 490px) 100vw, 490px\" \/>\t\t\t\t\t<\/div>\r\n\t\t\t\t\t\t\t\t\t\r\n\t\t\t\t\t<div class=\"wpsg_mod_productview_go\">\r\n\t\t\t\t\t\t\r\n\t\t\t\t\t\t\r\n\t\t\t\t\t\t<div class=\"wpsg_center\">\r\n\t\t\t\t\t\t\r\n\t\t\t\t\t\t\t\t\t\t\t\t\t\t\t<div class=\"wpsg_mod_productview_price_wrap\">\r\n\t\t\t\t\t\t\t\t\t\t\t\t\t\t\t\t\t\r\n\t\t\t\t\t\t\t\t\t\t\t\t\t\t\t\t\r\n\t\t\t\t\t\t\t\t\t\t\t\t\t\t\t\t\t\t\t<div class=\"wpsg_mod_productview_price\">3,70 EUR<\/div>\r\n\t\t\t\t\t\t\t\t\t\t\t\t\t\t\t\t\t\t\t\t\t\t\t\t\t\t \r\n\t\t\t\t\t\t\t\t<\/div>\r\n\t\t\t\t\t\t\t\t\r\n\t\t\t\t\t\t\t\t<div class=\"wpsg_mod_productview_tax_wrap\">\r\n\t\t\t\t\t\t\t\t\t\t\t\t\t\t\t\t\t\tinkl. 19,00 % MwSt. zzgl. <a onclick=\"event.stopPropagation();\" href=\"https:\/\/schieberseil.de\/?page_id=11\">Versandkosten<\/a>\t\t\t\t\t\t\t\t\t\t\t\t\t\t\t\t\t<\/div>\r\n\t\t\t\t\t\t\t\t\t\t\t\t\t\t\r\n\t\t\t\t\t\t<\/div>\t\t\t\t\t\t\t\t\t\r\n\t\t\t\t\t<\/div>\r\n\t\t\t\t\t\t\t\t\t\t\t\t\t\t\t\r\n\t\t\t\t<\/div>\r\n\t\t\t\t\r\n\t\t\t\t\t\t\t\t\r\n\t\t\t\t<div class=\"wpsg_mod_productview_bottom\">\r\n\r\n\t\t\t\t\t\t\t\t\t\t<div class=\"wpsg_mod_productview_name\">\r\n\r\n\t\t\t\t\t\t<h2>Seilklemme f\u00fcr 10 mm Drahtseil<\/h2>\r\n\t\t\t\t\t\t<h3>Seilklemme 10mm, ST\u00dcCKZAHL<\/h3>\r\n\r\n\t\t\t\t\t\t\r\n\t\t\t\t\t<\/div>\r\n\r\n\t\t\t\t\t<div class=\"wpsg_mod_productindex_content\">\r\n\t\t\t\t\t\t<div class=\"row sto_product_mods\">\r\n\r\n                                                                                    \r\n                            <div class=\"clearer\"><\/div>\r\n\r\n                                                                                    \r\n                            <div class=\"clearer\"><\/div>\r\n\r\n                                                                                    \r\n                            <div class=\"clearer\"><\/div>\r\n\r\n                                                                                    \r\n\t\t\t\t\t\t<\/div>\r\n\t\t\t\t\t\t\r\n\t\t\t\t\t\t<div class=\"clearer\"><\/div>\r\n \r\n\t\t\t\t\t<\/div>\r\n\t\t\t\t\t\r\n\t\t\t\t\t<div class=\"wpsg_mod_productview_description\">\r\n\t\t\t\t\t\t\t\t\t\t\t<\/div>\r\n                                        \r\n\t\t\t\t\t                    <a class=\"sto_button sto_button_layout2 sto_button_productview_addBasket\" href=\"https:\/\/schieberseil.de\/?post_type=produkt&p=50\">Zum Produkt<span class=\"fa fa-angle-double-right\"><\/span><\/a>\r\n\t\t\t\t\t\t\t\t\t\t \t\t\t\t\t\r\n\t\t\t\t<\/div>\r\n\t\t\t\t\t\t\t\t\t\t\t\t\r\n\t\t\t<\/div>\r\n\t\t\t\r\n\t\t\t\t\t\t\r\n\t\t\t\r\n\t\t\t<div style=\"\" class=\"wpsg_productview_product wpsg_productview_product_list wpsg_productview_product_5 col-md-12\">\r\n\r\n\t\t\t\t<div class=\"row\">\r\n\t\t\t\t\t\r\n\t\t\t\t\t\t\t\t\t\t\t\t\t\t\t\t\r\n\t\t\t\t\t\t\t\t\t\t<div class=\"col-md-4 col-sm-4\">\r\n\t\t\t\t\t\t<div class=\"wpsg_mod_productview_image\" style=\"background-image:url('');\"><\/div>\r\n\t\t\t\t\t\t\r\n\t\t\t\t\t\t<div class=\"box_img_wrap\">\r\n\t\t\t\t\t\t\t<img loading=\"lazy\" decoding=\"async\" width=\"490\" height=\"520\" src=\"https:\/\/schieberseil.de\/wp-content\/uploads\/2021\/11\/drahtseilklemme-Hauptbild-3-490x520.jpg\" class=\"attachment-wpsg-productview-image size-wpsg-productview-image\" alt=\"\" srcset=\"https:\/\/schieberseil.de\/wp-content\/uploads\/2021\/11\/drahtseilklemme-Hauptbild-3-490x520.jpg 490w, https:\/\/schieberseil.de\/wp-content\/uploads\/2021\/11\/drahtseilklemme-Hauptbild-3-283x300.jpg 283w, https:\/\/schieberseil.de\/wp-content\/uploads\/2021\/11\/drahtseilklemme-Hauptbild-3-302x320.jpg 302w, https:\/\/schieberseil.de\/wp-content\/uploads\/2021\/11\/drahtseilklemme-Hauptbild-3-104x110.jpg 104w, https:\/\/schieberseil.de\/wp-content\/uploads\/2021\/11\/drahtseilklemme-Hauptbild-3.jpg 492w\" sizes=\"auto, (max-width: 490px) 100vw, 490px\" \/>\t\t\t\t\t\t<\/div>\r\n\t\t\t\t\t\t\r\n\t\t\t\t\t<\/div>\r\n\t\t\t\t\t\r\n\t\t\t\t\t<div class=\"col-md-8 col-sm-8\">\r\n\r\n\t\t\t\t\t\t\t\t\t\t\t\t<div class=\"wpsg_mod_productview_name\">\r\n\t\t\t\t\t\t\t<h2>Seilklemme f\u00fcr 8 mm Drahtseil<\/h2>\r\n\t\t\t\t\t\t\t<h3>Seilklemme 8mm, ST\u00dcCKZAHL<\/h3>\r\n\r\n\t\t\t\t\t\t\t\r\n\t\t\t\t\t\t<\/div>\r\n\r\n\t\t\t\t\t\t\t\t\t\t\t\t\t<div class=\"wpsg_mod_productview_price_wrap\">\r\n\t\t\t\t\t\t\t\t\t\t\t\t\t\t\t\t\t\t\t\t\t\t\t\t\t<div class=\"wpsg_mod_productview_price\">2,70 EUR<\/div>\r\n\t\t\t\t\t\t\t\t\t\t\t\t\t\t\t<\/div>\r\n\t\r\n\t\t\t\t\t\t\t<div class=\"wpsg_mod_productview_tax_wrap\">\r\n\t\t\t\t\t\t\t\t\t\t\t\t\t\t\t\t\tinkl. 19,00 % MwSt. zzgl. <a href=\"https:\/\/schieberseil.de\/?page_id=11\">Versandkosten<\/a>\t\t\t\t\t\t\t\t\t\t\t\t\t\t\t<\/div>\r\n\t\t\t\t\t\t\r\n\t\t\t\t\t\t<div class=\"wpsg_mod_productindex_content\">\r\n\t\t\t\t\t\t\t<div class=\"row sto_product_mods\">\r\n\r\n\t\t\t\t\t\t\t\t\t\t\t\t\t\t\t\t\t\t\t\t\t\r\n                            <div class=\"clearer\"><\/div>\r\n                                \r\n\t\t\t\t\t\t\t\t\t\t\t\t\t\t\t\t\t\t\t\t\t\r\n\t\t\t\t\t\t\t<div class=\"clearer\"><\/div>\r\n\t\t\t\t\t\t\t\r\n\t\t\t\t\t\t\t\t\t\t\t\t\t\t\t\t\t\t\t\t\t\r\n\t\t\t\t\t\t\t<div class=\"clearer\"><\/div>\r\n\t\t\t\t\t\t\t\r\n\t\t\t\t\t\t\t\t\t\t\t\t\t\t\t\t\t\t\t\t\t\r\n\t\t\t\t\t\t<\/div>\r\n\t\t\t\t\t\t\r\n\t\t\t\t\t\t<div class=\"clearer\"><\/div>\r\n\t\t\t\t\t\t\t \t\t\t\r\n\t\t\t\t\t\t<\/div>\r\n\t\t\t\t\t\t\r\n\t\t\t\t\t\t\t\t\t\t\t\t<div class=\"wpsg_mod_productview_description sto-productview-description\">\r\n\t\t\t\t\t\t\t<strong>Produktbeschreibung<\/strong><br \/>\r\n\t\t\t\t\t\t\tB\u00fcgelseilklemmen dienen zur Schlaufenbildung von Drahtseilen. Sie stellen die einfache und schnelle L\u00f6sung, wenn keine Presswerkzeuge zur Hand sind, dar.\r\n<ul>\r\n \t<li>Drahtseilklemmen (Seilklemmen) in Industriequalit\u00e4t f\u00fcr 8mm Drahtseile<\/li>\r\n \t<li>Material: V4A Edelstahl, rostfrei<\/li>\r\n \t<li>Ausf\u00fchrung: \u00e4hnlich DIN 741<\/li>\r\n \t<li>Gewicht je St\u00fcck: 45 Gramm<\/li>\r\n<\/ul>\t\t\t\t\t\t<\/div>\r\n\t\t\t\t\t\t\t\r\n\t\t\t\t\t\t\t\t\r\n\t\t\t\t\t\t<br \/>\t\r\n\t\t\t\t\t\t                        \r\n\t\t\t\t\t\t\t\t\t\t\t\t<a class=\"sto_button sto_button_layout2 sto_button_productview_addBasket\" href=\"https:\/\/schieberseil.de\/?post_type=produkt&p=45\">Zum Produkt<span class=\"fa fa-angle-double-right\"><\/span><\/a>\r\n\t\t\t\t\t\t\t\t\t\t\t\t\t\t\t\t\t\r\n\t\t\t\t\t<\/div>\r\n\r\n\t\t\t\t<\/div>\r\n\r\n\t\t\t<\/div>\r\n\r\n\t\t\t<div onclick=\"location.href = 'https:\/\/schieberseil.de\/?post_type=produkt&p=45';\" style=\"display:none;\" class=\"wpsg_productview_product wpsg_productview_product_grid wpsg_productview_product_5 col-lg-3 col-lg-6 col-sm-6 col-xs-12\">\r\n\t\t\t\t\r\n\t\t\t\t\t\t\t\t\r\n\t\t\t\t\t\t\t\t<div class=\"wpsg_mod_productview_image\">\r\n\t\t\t\t \r\n\t\t\t\t\t<div class=\"box_img_wrap\">\r\n\t\t\t\t\t\t<img loading=\"lazy\" decoding=\"async\" width=\"490\" height=\"520\" src=\"https:\/\/schieberseil.de\/wp-content\/uploads\/2021\/11\/drahtseilklemme-Hauptbild-3-490x520.jpg\" class=\"attachment-wpsg-productview-image size-wpsg-productview-image\" alt=\"\" srcset=\"https:\/\/schieberseil.de\/wp-content\/uploads\/2021\/11\/drahtseilklemme-Hauptbild-3-490x520.jpg 490w, https:\/\/schieberseil.de\/wp-content\/uploads\/2021\/11\/drahtseilklemme-Hauptbild-3-283x300.jpg 283w, https:\/\/schieberseil.de\/wp-content\/uploads\/2021\/11\/drahtseilklemme-Hauptbild-3-302x320.jpg 302w, https:\/\/schieberseil.de\/wp-content\/uploads\/2021\/11\/drahtseilklemme-Hauptbild-3-104x110.jpg 104w, https:\/\/schieberseil.de\/wp-content\/uploads\/2021\/11\/drahtseilklemme-Hauptbild-3.jpg 492w\" sizes=\"auto, (max-width: 490px) 100vw, 490px\" \/>\t\t\t\t\t<\/div>\r\n\t\t\t\t\t\t\t\t\t\r\n\t\t\t\t\t<div class=\"wpsg_mod_productview_go\">\r\n\t\t\t\t\t\t\r\n\t\t\t\t\t\t\r\n\t\t\t\t\t\t<div class=\"wpsg_center\">\r\n\t\t\t\t\t\t\r\n\t\t\t\t\t\t\t\t\t\t\t\t\t\t\t<div class=\"wpsg_mod_productview_price_wrap\">\r\n\t\t\t\t\t\t\t\t\t\t\t\t\t\t\t\t\t\r\n\t\t\t\t\t\t\t\t\t\t\t\t\t\t\t\t\r\n\t\t\t\t\t\t\t\t\t\t\t\t\t\t\t\t\t\t\t<div class=\"wpsg_mod_productview_price\">2,70 EUR<\/div>\r\n\t\t\t\t\t\t\t\t\t\t\t\t\t\t\t\t\t\t\t\t\t\t\t\t\t\t \r\n\t\t\t\t\t\t\t\t<\/div>\r\n\t\t\t\t\t\t\t\t\r\n\t\t\t\t\t\t\t\t<div class=\"wpsg_mod_productview_tax_wrap\">\r\n\t\t\t\t\t\t\t\t\t\t\t\t\t\t\t\t\t\tinkl. 19,00 % MwSt. zzgl. <a onclick=\"event.stopPropagation();\" href=\"https:\/\/schieberseil.de\/?page_id=11\">Versandkosten<\/a>\t\t\t\t\t\t\t\t\t\t\t\t\t\t\t\t\t<\/div>\r\n\t\t\t\t\t\t\t\t\t\t\t\t\t\t\r\n\t\t\t\t\t\t<\/div>\t\t\t\t\t\t\t\t\t\r\n\t\t\t\t\t<\/div>\r\n\t\t\t\t\t\t\t\t\t\t\t\t\t\t\t\r\n\t\t\t\t<\/div>\r\n\t\t\t\t\r\n\t\t\t\t\t\t\t\t\r\n\t\t\t\t<div class=\"wpsg_mod_productview_bottom\">\r\n\r\n\t\t\t\t\t\t\t\t\t\t<div class=\"wpsg_mod_productview_name\">\r\n\r\n\t\t\t\t\t\t<h2>Seilklemme f\u00fcr 8 mm Drahtseil<\/h2>\r\n\t\t\t\t\t\t<h3>Seilklemme 8mm, ST\u00dcCKZAHL<\/h3>\r\n\r\n\t\t\t\t\t\t\r\n\t\t\t\t\t<\/div>\r\n\r\n\t\t\t\t\t<div class=\"wpsg_mod_productindex_content\">\r\n\t\t\t\t\t\t<div class=\"row sto_product_mods\">\r\n\r\n                                                                                    \r\n                            <div class=\"clearer\"><\/div>\r\n\r\n                                                                                    \r\n                            <div class=\"clearer\"><\/div>\r\n\r\n                                                                                    \r\n                            <div class=\"clearer\"><\/div>\r\n\r\n                                                                                    \r\n\t\t\t\t\t\t<\/div>\r\n\t\t\t\t\t\t\r\n\t\t\t\t\t\t<div class=\"clearer\"><\/div>\r\n \r\n\t\t\t\t\t<\/div>\r\n\t\t\t\t\t\r\n\t\t\t\t\t<div class=\"wpsg_mod_productview_description\">\r\n\t\t\t\t\t\t\t\t\t\t\t<\/div>\r\n                                        \r\n\t\t\t\t\t                    <a class=\"sto_button sto_button_layout2 sto_button_productview_addBasket\" href=\"https:\/\/schieberseil.de\/?post_type=produkt&p=45\">Zum Produkt<span class=\"fa fa-angle-double-right\"><\/span><\/a>\r\n\t\t\t\t\t\t\t\t\t\t \t\t\t\t\t\r\n\t\t\t\t<\/div>\r\n\t\t\t\t\t\t\t\t\t\t\t\t\r\n\t\t\t<\/div>\r\n\t\t\t\r\n\t\t\t\t\t\t\r\n\t\t\t\t\t\t\r\n\t\t\t\t\r\n\t\t<div class=\"clearfix\"><\/div>\r\n\t\t\r\n\t\t\r\n\r\n    <div class=\"wpsg_pager_nopager sto-pager-nopager\"><\/div>\r\n    \r\n\t\t \r\n\t<\/div>\r\n\r\n<\/div>    \r\n    <\/div>\r\n    \r\n<\/div>\r\n\r\n","protected":false},"excerpt":{"rendered":"<p>Seilklemmen Anzeige 1 &#8211; 2 von 2 Ergebnissen Seilklemme f\u00fcr 10 mm Drahtseil Seilklemme 10mm, ST\u00dcCKZAHL 3,70 EUR inkl. 19,00 % MwSt. zzgl. Versandkosten Produktbeschreibung B\u00fcgelseilklemmen dienen zur Schlaufenbildung von Drahtseilen. Sie stellen die einfache und schnelle L\u00f6sung, wenn keine Presswerkzeuge zur Hand sind, dar. Drahtseilklemmen (Seilklemmen) in Industriequalit\u00e4t f\u00fcr 10mm Drahtseile Material: V4A Edelstahl, [&hellip;]<\/p>\n","protected":false},"author":1,"featured_media":0,"parent":0,"menu_order":0,"comment_status":"closed","ping_status":"closed","template":"","meta":{"footnotes":""},"class_list":["post-55","page","type-page","status-publish","hentry"],"_links":{"self":[{"href":"https:\/\/schieberseil.de\/index.php?rest_route=\/wp\/v2\/pages\/55","targetHints":{"allow":["GET"]}}],"collection":[{"href":"https:\/\/schieberseil.de\/index.php?rest_route=\/wp\/v2\/pages"}],"about":[{"href":"https:\/\/schieberseil.de\/index.php?rest_route=\/wp\/v2\/types\/page"}],"author":[{"embeddable":true,"href":"https:\/\/schieberseil.de\/index.php?rest_route=\/wp\/v2\/users\/1"}],"replies":[{"embeddable":true,"href":"https:\/\/schieberseil.de\/index.php?rest_route=%2Fwp%2Fv2%2Fcomments&post=55"}],"version-history":[{"count":1,"href":"https:\/\/schieberseil.de\/index.php?rest_route=\/wp\/v2\/pages\/55\/revisions"}],"predecessor-version":[{"id":56,"href":"https:\/\/schieberseil.de\/index.php?rest_route=\/wp\/v2\/pages\/55\/revisions\/56"}],"wp:attachment":[{"href":"https:\/\/schieberseil.de\/index.php?rest_route=%2Fwp%2Fv2%2Fmedia&parent=55"}],"curies":[{"name":"wp","href":"https:\/\/api.w.org\/{rel}","templated":true}]}}