{"id":53,"date":"2021-11-01T10:10:24","date_gmt":"2021-11-01T10:10:24","guid":{"rendered":"http:\/\/schieberseil.de\/?page_id=53"},"modified":"2021-11-01T10:10:24","modified_gmt":"2021-11-01T10:10:24","slug":"kauschen","status":"publish","type":"page","link":"https:\/\/schieberseil.de\/?page_id=53","title":{"rendered":"Kauschen"},"content":{"rendered":"\r\n<div class=\"row\">\r\n          \r\n    <div class=\"col-md-12 col-sm-12\">\r\n        <div class=\"wpsg_productview\" id=\"wpsg_productview_1\">\r\n\t\r\n\t<input type=\"hidden\" name=\"wpsg_atts\" value=\"{&quot;key&quot;:&quot;productindex_53&quot;,&quot;product_ids&quot;:&quot;3,4&quot;,&quot;hideorder&quot;:&quot;1&quot;,&quot;hideviewselect&quot;:&quot;0&quot;,&quot;mode&quot;:&quot;list&quot;,&quot;title&quot;:&quot;Kauschen&quot;,&quot;order&quot;:&quot;price_desc&quot;}\" \/>\r\n\t\r\n\t<div class=\"wpsg_productview_head row\">\r\n\t\r\n\t\t\t\t<h2 class=\"wpsg_productview_title col-lg-3 col-md-3 col-sm-3\">Kauschen<\/h2>\r\n\t\t\t\t\r\n\t\t\t\t\t\t\t \r\n\t\t\t\t\r\n\t\t<div class=\"wpsg_mod_productview-info col-lg-6 col-md-6 col-sm-6 hidden-xs\">\r\n\t\t\t<strong>Anzeige 1 - 2<\/strong>\r\n\t\t\tvon 2 Ergebnissen\t\t<\/div>\r\n\t\t\r\n\t\t\t\t<div class=\"wpsg_mod_productview_modeswitch hidden-xs\">\r\n\t\t\t<a href=\"#\" title=\"Schaltet die Produktansicht auf die Grid Ansicht um.\" class=\"fa fa-th \"><\/a>\r\n\t\t\t<a href=\"#\" title=\"Schaltet die Produktansicht auf die List Ansicht um.\" class=\"fa fa-list active\"><\/a>\r\n\t\t<\/div>\r\n\t\t\r\n\t<\/div>\r\n\t\r\n\t<div class=\"wpsg_productview_content col-2-xs-row row\">\r\n\t\r\n\t\t\t\t\r\n\t\t\t\r\n\t\t\t<div style=\"\" class=\"wpsg_productview_product wpsg_productview_product_list wpsg_productview_product_4 col-md-12\">\r\n\r\n\t\t\t\t<div class=\"row\">\r\n\t\t\t\t\t\r\n\t\t\t\t\t\t\t\t\t\t\t\t\t\t\t\t\r\n\t\t\t\t\t\t\t\t\t\t<div class=\"col-md-4 col-sm-4\">\r\n\t\t\t\t\t\t<div class=\"wpsg_mod_productview_image\" style=\"background-image:url('');\"><\/div>\r\n\t\t\t\t\t\t\r\n\t\t\t\t\t\t<div class=\"box_img_wrap\">\r\n\t\t\t\t\t\t\t<img loading=\"lazy\" decoding=\"async\" width=\"391\" height=\"516\" src=\"https:\/\/schieberseil.de\/wp-content\/uploads\/2021\/11\/Kausche.png\" class=\"attachment-wpsg-productview-image size-wpsg-productview-image\" alt=\"\" srcset=\"https:\/\/schieberseil.de\/wp-content\/uploads\/2021\/11\/Kausche.png 391w, https:\/\/schieberseil.de\/wp-content\/uploads\/2021\/11\/Kausche-227x300.png 227w, https:\/\/schieberseil.de\/wp-content\/uploads\/2021\/11\/Kausche-242x320.png 242w, https:\/\/schieberseil.de\/wp-content\/uploads\/2021\/11\/Kausche-83x110.png 83w\" sizes=\"auto, (max-width: 391px) 100vw, 391px\" \/>\t\t\t\t\t\t<\/div>\r\n\t\t\t\t\t\t\r\n\t\t\t\t\t<\/div>\r\n\t\t\t\t\t\r\n\t\t\t\t\t<div class=\"col-md-8 col-sm-8\">\r\n\r\n\t\t\t\t\t\t\t\t\t\t\t\t<div class=\"wpsg_mod_productview_name\">\r\n\t\t\t\t\t\t\t<h2>Edelstahl-Kausche f\u00fcr 10 mm Drahtseil<\/h2>\r\n\t\t\t\t\t\t\t<h3>Kausche 10mm, ST\u00dcCKZAHL<\/h3>\r\n\r\n\t\t\t\t\t\t\t\r\n\t\t\t\t\t\t<\/div>\r\n\r\n\t\t\t\t\t\t\t\t\t\t\t\t\t<div class=\"wpsg_mod_productview_price_wrap\">\r\n\t\t\t\t\t\t\t\t\t\t\t\t\t\t\t\t\t\t\t\t\t\t\t\t\t<div class=\"wpsg_mod_productview_price\">2,20 EUR<\/div>\r\n\t\t\t\t\t\t\t\t\t\t\t\t\t\t\t<\/div>\r\n\t\r\n\t\t\t\t\t\t\t<div class=\"wpsg_mod_productview_tax_wrap\">\r\n\t\t\t\t\t\t\t\t\t\t\t\t\t\t\t\t\tinkl. 19,00 % MwSt. zzgl. <a href=\"https:\/\/schieberseil.de\/?page_id=11\">Versandkosten<\/a>\t\t\t\t\t\t\t\t\t\t\t\t\t\t\t<\/div>\r\n\t\t\t\t\t\t\r\n\t\t\t\t\t\t<div class=\"wpsg_mod_productindex_content\">\r\n\t\t\t\t\t\t\t<div class=\"row sto_product_mods\">\r\n\r\n\t\t\t\t\t\t\t\t\t\t\t\t\t\t\t\t\t\t\t\t\t\r\n                            <div class=\"clearer\"><\/div>\r\n                                \r\n\t\t\t\t\t\t\t\t\t\t\t\t\t\t\t\t\t\t\t\t\t\r\n\t\t\t\t\t\t\t<div class=\"clearer\"><\/div>\r\n\t\t\t\t\t\t\t\r\n\t\t\t\t\t\t\t\t\t\t\t\t\t\t\t\t\t\t\t\t\t\r\n\t\t\t\t\t\t\t<div class=\"clearer\"><\/div>\r\n\t\t\t\t\t\t\t\r\n\t\t\t\t\t\t\t\t\t\t\t\t\t\t\t\t\t\t\t\t\t\r\n\t\t\t\t\t\t<\/div>\r\n\t\t\t\t\t\t\r\n\t\t\t\t\t\t<div class=\"clearer\"><\/div>\r\n\t\t\t\t\t\t\t \t\t\t\r\n\t\t\t\t\t\t<\/div>\r\n\t\t\t\t\t\t\r\n\t\t\t\t\t\t\t\t\t\t\t\t<div class=\"wpsg_mod_productview_description sto-productview-description\">\r\n\t\t\t\t\t\t\t<strong>Produktbeschreibung<\/strong><br \/>\r\n\t\t\t\t\t\t\t<ul>\r\n \t<li>polierte Kausche f\u00fcr 8mm Edelstahlseil<\/li>\r\n \t<li>Alle Komponenten bestehen aus rostfreiem Edelstahl 4VA<\/li>\r\n \t<li>Werkstoff: NIRO AISI 304<\/li>\r\n<\/ul>\r\n&nbsp;\r\n\r\nACHTUNG:\r\n\r\nf\u00fcr Prinzing-Schieber 10mm Kausche verwenden, auch bei 8mm Seilen. Bolzendurchmesser bei Prinzing im Regelfall 20mm.\t\t\t\t\t\t<\/div>\r\n\t\t\t\t\t\t\t\r\n\t\t\t\t\t\t\t\t\r\n\t\t\t\t\t\t<br \/>\t\r\n\t\t\t\t\t\t                        \r\n\t\t\t\t\t\t\t\t\t\t\t\t<a class=\"sto_button sto_button_layout2 sto_button_productview_addBasket\" href=\"https:\/\/schieberseil.de\/?post_type=produkt&p=37\">Zum Produkt<span class=\"fa fa-angle-double-right\"><\/span><\/a>\r\n\t\t\t\t\t\t\t\t\t\t\t\t\t\t\t\t\t\r\n\t\t\t\t\t<\/div>\r\n\r\n\t\t\t\t<\/div>\r\n\r\n\t\t\t<\/div>\r\n\r\n\t\t\t<div onclick=\"location.href = 'https:\/\/schieberseil.de\/?post_type=produkt&p=37';\" style=\"display:none;\" class=\"wpsg_productview_product wpsg_productview_product_grid wpsg_productview_product_4 col-lg-3 col-lg-6 col-sm-6 col-xs-12\">\r\n\t\t\t\t\r\n\t\t\t\t\t\t\t\t\r\n\t\t\t\t\t\t\t\t<div class=\"wpsg_mod_productview_image\">\r\n\t\t\t\t \r\n\t\t\t\t\t<div class=\"box_img_wrap\">\r\n\t\t\t\t\t\t<img loading=\"lazy\" decoding=\"async\" width=\"391\" height=\"516\" src=\"https:\/\/schieberseil.de\/wp-content\/uploads\/2021\/11\/Kausche.png\" class=\"attachment-wpsg-productview-image size-wpsg-productview-image\" alt=\"\" srcset=\"https:\/\/schieberseil.de\/wp-content\/uploads\/2021\/11\/Kausche.png 391w, https:\/\/schieberseil.de\/wp-content\/uploads\/2021\/11\/Kausche-227x300.png 227w, https:\/\/schieberseil.de\/wp-content\/uploads\/2021\/11\/Kausche-242x320.png 242w, https:\/\/schieberseil.de\/wp-content\/uploads\/2021\/11\/Kausche-83x110.png 83w\" sizes=\"auto, (max-width: 391px) 100vw, 391px\" \/>\t\t\t\t\t<\/div>\r\n\t\t\t\t\t\t\t\t\t\r\n\t\t\t\t\t<div class=\"wpsg_mod_productview_go\">\r\n\t\t\t\t\t\t\r\n\t\t\t\t\t\t\r\n\t\t\t\t\t\t<div class=\"wpsg_center\">\r\n\t\t\t\t\t\t\r\n\t\t\t\t\t\t\t\t\t\t\t\t\t\t\t<div class=\"wpsg_mod_productview_price_wrap\">\r\n\t\t\t\t\t\t\t\t\t\t\t\t\t\t\t\t\t\r\n\t\t\t\t\t\t\t\t\t\t\t\t\t\t\t\t\r\n\t\t\t\t\t\t\t\t\t\t\t\t\t\t\t\t\t\t\t<div class=\"wpsg_mod_productview_price\">2,20 EUR<\/div>\r\n\t\t\t\t\t\t\t\t\t\t\t\t\t\t\t\t\t\t\t\t\t\t\t\t\t\t \r\n\t\t\t\t\t\t\t\t<\/div>\r\n\t\t\t\t\t\t\t\t\r\n\t\t\t\t\t\t\t\t<div class=\"wpsg_mod_productview_tax_wrap\">\r\n\t\t\t\t\t\t\t\t\t\t\t\t\t\t\t\t\t\tinkl. 19,00 % MwSt. zzgl. <a onclick=\"event.stopPropagation();\" href=\"https:\/\/schieberseil.de\/?page_id=11\">Versandkosten<\/a>\t\t\t\t\t\t\t\t\t\t\t\t\t\t\t\t\t<\/div>\r\n\t\t\t\t\t\t\t\t\t\t\t\t\t\t\r\n\t\t\t\t\t\t<\/div>\t\t\t\t\t\t\t\t\t\r\n\t\t\t\t\t<\/div>\r\n\t\t\t\t\t\t\t\t\t\t\t\t\t\t\t\r\n\t\t\t\t<\/div>\r\n\t\t\t\t\r\n\t\t\t\t\t\t\t\t\r\n\t\t\t\t<div class=\"wpsg_mod_productview_bottom\">\r\n\r\n\t\t\t\t\t\t\t\t\t\t<div class=\"wpsg_mod_productview_name\">\r\n\r\n\t\t\t\t\t\t<h2>Edelstahl-Kausche f\u00fcr 10 mm Drahtseil<\/h2>\r\n\t\t\t\t\t\t<h3>Kausche 10mm, ST\u00dcCKZAHL<\/h3>\r\n\r\n\t\t\t\t\t\t\r\n\t\t\t\t\t<\/div>\r\n\r\n\t\t\t\t\t<div class=\"wpsg_mod_productindex_content\">\r\n\t\t\t\t\t\t<div class=\"row sto_product_mods\">\r\n\r\n                                                                                    \r\n                            <div class=\"clearer\"><\/div>\r\n\r\n                                                                                    \r\n                            <div class=\"clearer\"><\/div>\r\n\r\n                                                                                    \r\n                            <div class=\"clearer\"><\/div>\r\n\r\n                                                                                    \r\n\t\t\t\t\t\t<\/div>\r\n\t\t\t\t\t\t\r\n\t\t\t\t\t\t<div class=\"clearer\"><\/div>\r\n \r\n\t\t\t\t\t<\/div>\r\n\t\t\t\t\t\r\n\t\t\t\t\t<div class=\"wpsg_mod_productview_description\">\r\n\t\t\t\t\t\t\t\t\t\t\t<\/div>\r\n                                        \r\n\t\t\t\t\t                    <a class=\"sto_button sto_button_layout2 sto_button_productview_addBasket\" href=\"https:\/\/schieberseil.de\/?post_type=produkt&p=37\">Zum Produkt<span class=\"fa fa-angle-double-right\"><\/span><\/a>\r\n\t\t\t\t\t\t\t\t\t\t \t\t\t\t\t\r\n\t\t\t\t<\/div>\r\n\t\t\t\t\t\t\t\t\t\t\t\t\r\n\t\t\t<\/div>\r\n\t\t\t\r\n\t\t\t\t\t\t\r\n\t\t\t\r\n\t\t\t<div style=\"\" class=\"wpsg_productview_product wpsg_productview_product_list wpsg_productview_product_3 col-md-12\">\r\n\r\n\t\t\t\t<div class=\"row\">\r\n\t\t\t\t\t\r\n\t\t\t\t\t\t\t\t\t\t\t\t\t\t\t\t\r\n\t\t\t\t\t\t\t\t\t\t<div class=\"col-md-4 col-sm-4\">\r\n\t\t\t\t\t\t<div class=\"wpsg_mod_productview_image\" style=\"background-image:url('');\"><\/div>\r\n\t\t\t\t\t\t\r\n\t\t\t\t\t\t<div class=\"box_img_wrap\">\r\n\t\t\t\t\t\t\t<img loading=\"lazy\" decoding=\"async\" width=\"391\" height=\"516\" src=\"https:\/\/schieberseil.de\/wp-content\/uploads\/2021\/11\/Kausche.png\" class=\"attachment-wpsg-productview-image size-wpsg-productview-image\" alt=\"\" srcset=\"https:\/\/schieberseil.de\/wp-content\/uploads\/2021\/11\/Kausche.png 391w, https:\/\/schieberseil.de\/wp-content\/uploads\/2021\/11\/Kausche-227x300.png 227w, https:\/\/schieberseil.de\/wp-content\/uploads\/2021\/11\/Kausche-242x320.png 242w, https:\/\/schieberseil.de\/wp-content\/uploads\/2021\/11\/Kausche-83x110.png 83w\" sizes=\"auto, (max-width: 391px) 100vw, 391px\" \/>\t\t\t\t\t\t<\/div>\r\n\t\t\t\t\t\t\r\n\t\t\t\t\t<\/div>\r\n\t\t\t\t\t\r\n\t\t\t\t\t<div class=\"col-md-8 col-sm-8\">\r\n\r\n\t\t\t\t\t\t\t\t\t\t\t\t<div class=\"wpsg_mod_productview_name\">\r\n\t\t\t\t\t\t\t<h2>Edelstahl-Kausche f\u00fcr 8 mm Drahtseil<\/h2>\r\n\t\t\t\t\t\t\t<h3>Kausche 8mm, ST\u00dcCKZAHL<\/h3>\r\n\r\n\t\t\t\t\t\t\t\r\n\t\t\t\t\t\t<\/div>\r\n\r\n\t\t\t\t\t\t\t\t\t\t\t\t\t<div class=\"wpsg_mod_productview_price_wrap\">\r\n\t\t\t\t\t\t\t\t\t\t\t\t\t\t\t\t\t\t\t\t\t\t\t\t\t<div class=\"wpsg_mod_productview_price\">1,70 EUR<\/div>\r\n\t\t\t\t\t\t\t\t\t\t\t\t\t\t\t<\/div>\r\n\t\r\n\t\t\t\t\t\t\t<div class=\"wpsg_mod_productview_tax_wrap\">\r\n\t\t\t\t\t\t\t\t\t\t\t\t\t\t\t\t\tinkl. 19,00 % MwSt. zzgl. <a href=\"https:\/\/schieberseil.de\/?page_id=11\">Versandkosten<\/a>\t\t\t\t\t\t\t\t\t\t\t\t\t\t\t<\/div>\r\n\t\t\t\t\t\t\r\n\t\t\t\t\t\t<div class=\"wpsg_mod_productindex_content\">\r\n\t\t\t\t\t\t\t<div class=\"row sto_product_mods\">\r\n\r\n\t\t\t\t\t\t\t\t\t\t\t\t\t\t\t\t\t\t\t\t\t\r\n                            <div class=\"clearer\"><\/div>\r\n                                \r\n\t\t\t\t\t\t\t\t\t\t\t\t\t\t\t\t\t\t\t\t\t\r\n\t\t\t\t\t\t\t<div class=\"clearer\"><\/div>\r\n\t\t\t\t\t\t\t\r\n\t\t\t\t\t\t\t\t\t\t\t\t\t\t\t\t\t\t\t\t\t\r\n\t\t\t\t\t\t\t<div class=\"clearer\"><\/div>\r\n\t\t\t\t\t\t\t\r\n\t\t\t\t\t\t\t\t\t\t\t\t\t\t\t\t\t\t\t\t\t\r\n\t\t\t\t\t\t<\/div>\r\n\t\t\t\t\t\t\r\n\t\t\t\t\t\t<div class=\"clearer\"><\/div>\r\n\t\t\t\t\t\t\t \t\t\t\r\n\t\t\t\t\t\t<\/div>\r\n\t\t\t\t\t\t\r\n\t\t\t\t\t\t\t\t\t\t\t\t<div class=\"wpsg_mod_productview_description sto-productview-description\">\r\n\t\t\t\t\t\t\t<strong>Produktbeschreibung<\/strong><br \/>\r\n\t\t\t\t\t\t\t<ul>\r\n \t<li>polierte Kausche f\u00fcr 8mm Edelstahlseil<\/li>\r\n \t<li>Alle Komponenten bestehen aus rostfreiem Edelstahl 4VA<\/li>\r\n \t<li>Werkstoff: NIRO AISI 304<\/li>\r\n<\/ul>\r\n&nbsp;\r\n\r\nACHTUNG:\r\n\r\nf\u00fcr Prinzing-Schieber 10mm Kausche verwenden, auch bei 8mm Seilen. Bolzendurchmesser bei Prinzing im Regelfall 20mm.\t\t\t\t\t\t<\/div>\r\n\t\t\t\t\t\t\t\r\n\t\t\t\t\t\t\t\t\r\n\t\t\t\t\t\t<br \/>\t\r\n\t\t\t\t\t\t                        \r\n\t\t\t\t\t\t\t\t\t\t\t\t<a class=\"sto_button sto_button_layout2 sto_button_productview_addBasket\" href=\"https:\/\/schieberseil.de\/?post_type=produkt&p=36\">Zum Produkt<span class=\"fa fa-angle-double-right\"><\/span><\/a>\r\n\t\t\t\t\t\t\t\t\t\t\t\t\t\t\t\t\t\r\n\t\t\t\t\t<\/div>\r\n\r\n\t\t\t\t<\/div>\r\n\r\n\t\t\t<\/div>\r\n\r\n\t\t\t<div onclick=\"location.href = 'https:\/\/schieberseil.de\/?post_type=produkt&p=36';\" style=\"display:none;\" class=\"wpsg_productview_product wpsg_productview_product_grid wpsg_productview_product_3 col-lg-3 col-lg-6 col-sm-6 col-xs-12\">\r\n\t\t\t\t\r\n\t\t\t\t\t\t\t\t\r\n\t\t\t\t\t\t\t\t<div class=\"wpsg_mod_productview_image\">\r\n\t\t\t\t \r\n\t\t\t\t\t<div class=\"box_img_wrap\">\r\n\t\t\t\t\t\t<img loading=\"lazy\" decoding=\"async\" width=\"391\" height=\"516\" src=\"https:\/\/schieberseil.de\/wp-content\/uploads\/2021\/11\/Kausche.png\" class=\"attachment-wpsg-productview-image size-wpsg-productview-image\" alt=\"\" srcset=\"https:\/\/schieberseil.de\/wp-content\/uploads\/2021\/11\/Kausche.png 391w, https:\/\/schieberseil.de\/wp-content\/uploads\/2021\/11\/Kausche-227x300.png 227w, https:\/\/schieberseil.de\/wp-content\/uploads\/2021\/11\/Kausche-242x320.png 242w, https:\/\/schieberseil.de\/wp-content\/uploads\/2021\/11\/Kausche-83x110.png 83w\" sizes=\"auto, (max-width: 391px) 100vw, 391px\" \/>\t\t\t\t\t<\/div>\r\n\t\t\t\t\t\t\t\t\t\r\n\t\t\t\t\t<div class=\"wpsg_mod_productview_go\">\r\n\t\t\t\t\t\t\r\n\t\t\t\t\t\t\r\n\t\t\t\t\t\t<div class=\"wpsg_center\">\r\n\t\t\t\t\t\t\r\n\t\t\t\t\t\t\t\t\t\t\t\t\t\t\t<div class=\"wpsg_mod_productview_price_wrap\">\r\n\t\t\t\t\t\t\t\t\t\t\t\t\t\t\t\t\t\r\n\t\t\t\t\t\t\t\t\t\t\t\t\t\t\t\t\r\n\t\t\t\t\t\t\t\t\t\t\t\t\t\t\t\t\t\t\t<div class=\"wpsg_mod_productview_price\">1,70 EUR<\/div>\r\n\t\t\t\t\t\t\t\t\t\t\t\t\t\t\t\t\t\t\t\t\t\t\t\t\t\t \r\n\t\t\t\t\t\t\t\t<\/div>\r\n\t\t\t\t\t\t\t\t\r\n\t\t\t\t\t\t\t\t<div class=\"wpsg_mod_productview_tax_wrap\">\r\n\t\t\t\t\t\t\t\t\t\t\t\t\t\t\t\t\t\tinkl. 19,00 % MwSt. zzgl. <a onclick=\"event.stopPropagation();\" href=\"https:\/\/schieberseil.de\/?page_id=11\">Versandkosten<\/a>\t\t\t\t\t\t\t\t\t\t\t\t\t\t\t\t\t<\/div>\r\n\t\t\t\t\t\t\t\t\t\t\t\t\t\t\r\n\t\t\t\t\t\t<\/div>\t\t\t\t\t\t\t\t\t\r\n\t\t\t\t\t<\/div>\r\n\t\t\t\t\t\t\t\t\t\t\t\t\t\t\t\r\n\t\t\t\t<\/div>\r\n\t\t\t\t\r\n\t\t\t\t\t\t\t\t\r\n\t\t\t\t<div class=\"wpsg_mod_productview_bottom\">\r\n\r\n\t\t\t\t\t\t\t\t\t\t<div class=\"wpsg_mod_productview_name\">\r\n\r\n\t\t\t\t\t\t<h2>Edelstahl-Kausche f\u00fcr 8 mm Drahtseil<\/h2>\r\n\t\t\t\t\t\t<h3>Kausche 8mm, ST\u00dcCKZAHL<\/h3>\r\n\r\n\t\t\t\t\t\t\r\n\t\t\t\t\t<\/div>\r\n\r\n\t\t\t\t\t<div class=\"wpsg_mod_productindex_content\">\r\n\t\t\t\t\t\t<div class=\"row sto_product_mods\">\r\n\r\n                                                                                    \r\n                            <div class=\"clearer\"><\/div>\r\n\r\n                                                                                    \r\n                            <div class=\"clearer\"><\/div>\r\n\r\n                                                                                    \r\n                            <div class=\"clearer\"><\/div>\r\n\r\n                                                                                    \r\n\t\t\t\t\t\t<\/div>\r\n\t\t\t\t\t\t\r\n\t\t\t\t\t\t<div class=\"clearer\"><\/div>\r\n \r\n\t\t\t\t\t<\/div>\r\n\t\t\t\t\t\r\n\t\t\t\t\t<div class=\"wpsg_mod_productview_description\">\r\n\t\t\t\t\t\t\t\t\t\t\t<\/div>\r\n                                        \r\n\t\t\t\t\t                    <a class=\"sto_button sto_button_layout2 sto_button_productview_addBasket\" href=\"https:\/\/schieberseil.de\/?post_type=produkt&p=36\">Zum Produkt<span class=\"fa fa-angle-double-right\"><\/span><\/a>\r\n\t\t\t\t\t\t\t\t\t\t \t\t\t\t\t\r\n\t\t\t\t<\/div>\r\n\t\t\t\t\t\t\t\t\t\t\t\t\r\n\t\t\t<\/div>\r\n\t\t\t\r\n\t\t\t\t\t\t\r\n\t\t\t\t\t\t\r\n\t\t\t\t\r\n\t\t<div class=\"clearfix\"><\/div>\r\n\t\t\r\n\t\t\r\n\r\n    <div class=\"wpsg_pager_nopager sto-pager-nopager\"><\/div>\r\n    \r\n\t\t \r\n\t<\/div>\r\n\r\n<\/div>    \r\n    <\/div>\r\n    \r\n<\/div>\r\n\r\n","protected":false},"excerpt":{"rendered":"<p>Kauschen Anzeige 1 &#8211; 2 von 2 Ergebnissen Edelstahl-Kausche f\u00fcr 10 mm Drahtseil Kausche 10mm, ST\u00dcCKZAHL 2,20 EUR inkl. 19,00 % MwSt. zzgl. Versandkosten Produktbeschreibung polierte Kausche f\u00fcr 8mm Edelstahlseil Alle Komponenten bestehen aus rostfreiem Edelstahl 4VA Werkstoff: NIRO AISI 304 &nbsp; ACHTUNG: f\u00fcr Prinzing-Schieber 10mm Kausche verwenden, auch bei 8mm Seilen. Bolzendurchmesser bei Prinzing [&hellip;]<\/p>\n","protected":false},"author":1,"featured_media":0,"parent":0,"menu_order":0,"comment_status":"closed","ping_status":"closed","template":"","meta":{"footnotes":""},"class_list":["post-53","page","type-page","status-publish","hentry"],"_links":{"self":[{"href":"https:\/\/schieberseil.de\/index.php?rest_route=\/wp\/v2\/pages\/53","targetHints":{"allow":["GET"]}}],"collection":[{"href":"https:\/\/schieberseil.de\/index.php?rest_route=\/wp\/v2\/pages"}],"about":[{"href":"https:\/\/schieberseil.de\/index.php?rest_route=\/wp\/v2\/types\/page"}],"author":[{"embeddable":true,"href":"https:\/\/schieberseil.de\/index.php?rest_route=\/wp\/v2\/users\/1"}],"replies":[{"embeddable":true,"href":"https:\/\/schieberseil.de\/index.php?rest_route=%2Fwp%2Fv2%2Fcomments&post=53"}],"version-history":[{"count":1,"href":"https:\/\/schieberseil.de\/index.php?rest_route=\/wp\/v2\/pages\/53\/revisions"}],"predecessor-version":[{"id":54,"href":"https:\/\/schieberseil.de\/index.php?rest_route=\/wp\/v2\/pages\/53\/revisions\/54"}],"wp:attachment":[{"href":"https:\/\/schieberseil.de\/index.php?rest_route=%2Fwp%2Fv2%2Fmedia&parent=53"}],"curies":[{"name":"wp","href":"https:\/\/api.w.org\/{rel}","templated":true}]}}