{"id":11,"date":"2021-10-30T20:53:07","date_gmt":"2021-10-30T20:53:07","guid":{"rendered":""},"modified":"2022-01-05T09:41:53","modified_gmt":"2022-01-05T09:41:53","slug":"versandkosten","status":"publish","type":"page","link":"https:\/\/schieberseil.de\/?page_id=11","title":{"rendered":"Lieferung und Zahlung"},"content":{"rendered":"\n<p><\/p>\n\n\n\n<p><\/p>\n\n\n\n<h2 class=\"wp-block-heading\">Zahlungsm\u00f6glichkeiten<\/h2>\n\n\n\n<p>PayPal, Vorkasse, Barzahlung bei Selbstabholung<\/p>\n\n\n\n<p><\/p>\n\n\n\n<h2 class=\"wp-block-heading\">Versandart und Veranskosten<\/h2>\n\n\n\n<h3 class=\"wp-block-heading\">Versandart via Paketdienst\/Spedition<\/h3>\n\n\n\n<ul class=\"wp-block-list\"><li>Edelstahlseil 8mm wird bis zu einer Einzell\u00e4nge von 130 m als loser Ring per Paktdienst verschickt, bei einer Einzell\u00e4nger gr\u00f6\u00dfer 130 m erfolgt der Versand als Speditionsware (Spedition &#8222;frei Bordsteinkante&#8220;)<\/li><li>Edelstahlseil 10mm wird bis zu einer Einzell\u00e4nge von 85 m als loser Ring per Paktdienst verschickt, bei einer Einzell\u00e4nger gr\u00f6\u00dfer 85 m erfolgt der Versand als Speditionsware (Spedition &#8222;frei Bordsteinkante&#8220;)<\/li><\/ul>\n\n\n\n<h3 class=\"wp-block-heading\">Versandkosten<\/h3>\n\n\n\n<p>Ab 80,00 Euro (inkl. MwSt.) ist der Versand versandkostenfrei.<\/p>\n\n\n\n<p>Bei Bestellungen unter 80,00 Euro (inkl. Mwst) liegen die Versandkosten bei 10,00 Euro.<\/p>\n","protected":false},"excerpt":{"rendered":"<p>Zahlungsm\u00f6glichkeiten PayPal, Vorkasse, Barzahlung bei Selbstabholung Versandart und Veranskosten Versandart via Paketdienst\/Spedition Edelstahlseil 8mm wird bis zu einer Einzell\u00e4nge von 130 m als loser Ring per Paktdienst verschickt, bei einer Einzell\u00e4nger gr\u00f6\u00dfer 130 m erfolgt der Versand als Speditionsware (Spedition &#8222;frei Bordsteinkante&#8220;) Edelstahlseil 10mm wird bis zu einer Einzell\u00e4nge von 85 m als loser Ring [&hellip;]<\/p>\n","protected":false},"author":1,"featured_media":0,"parent":0,"menu_order":0,"comment_status":"closed","ping_status":"closed","template":"","meta":{"footnotes":""},"class_list":["post-11","page","type-page","status-publish","hentry"],"_links":{"self":[{"href":"https:\/\/schieberseil.de\/index.php?rest_route=\/wp\/v2\/pages\/11","targetHints":{"allow":["GET"]}}],"collection":[{"href":"https:\/\/schieberseil.de\/index.php?rest_route=\/wp\/v2\/pages"}],"about":[{"href":"https:\/\/schieberseil.de\/index.php?rest_route=\/wp\/v2\/types\/page"}],"author":[{"embeddable":true,"href":"https:\/\/schieberseil.de\/index.php?rest_route=\/wp\/v2\/users\/1"}],"replies":[{"embeddable":true,"href":"https:\/\/schieberseil.de\/index.php?rest_route=%2Fwp%2Fv2%2Fcomments&post=11"}],"version-history":[{"count":13,"href":"https:\/\/schieberseil.de\/index.php?rest_route=\/wp\/v2\/pages\/11\/revisions"}],"predecessor-version":[{"id":147,"href":"https:\/\/schieberseil.de\/index.php?rest_route=\/wp\/v2\/pages\/11\/revisions\/147"}],"wp:attachment":[{"href":"https:\/\/schieberseil.de\/index.php?rest_route=%2Fwp%2Fv2%2Fmedia&parent=11"}],"curies":[{"name":"wp","href":"https:\/\/api.w.org\/{rel}","templated":true}]}}